{"id":865,"date":"2023-10-05T11:14:38","date_gmt":"2023-10-05T09:14:38","guid":{"rendered":"https:\/\/adepec.be\/?page_id=865"},"modified":"2023-10-05T11:29:43","modified_gmt":"2023-10-05T09:29:43","slug":"le-saja-centre-emile-degraux","status":"publish","type":"page","link":"https:\/\/adepec.be\/index.php\/apropos\/le-saja-centre-emile-degraux\/","title":{"rendered":"Le SAJA Centre Emile Degraux"},"content":{"rendered":"\n<div class=\"wp-block-cover alignfull has-parallax\" style=\"min-height:20em;aspect-ratio:unset;\"><span aria-hidden=\"true\" class=\"wp-block-cover__background has-neve-link-color-background-color has-background-dim-60 has-background-dim\"><\/span><div role=\"img\" class=\"wp-block-cover__image-background wp-image-788 has-parallax\" style=\"background-position:50% 50%;background-image:url(https:\/\/adepec.be\/wp-content\/uploads\/2023\/08\/IMG_3025-scaled.jpg)\"><\/div><div class=\"wp-block-cover__inner-container is-layout-flow wp-block-cover-is-layout-flow\">\n<div style=\"height:80px\" aria-hidden=\"true\" class=\"wp-block-spacer\"><\/div>\n\n\n\n<h1 class=\"wp-block-heading has-text-align-center has-nv-text-dark-bg-color has-text-color\">Situ\u00e9 dans la r\u00e9gion de Charleroi<\/h1>\n\n\n\n<p class=\"has-text-align-center has-nv-text-dark-bg-color has-text-color\">Notre centre de jour se situe \u00e0 Montignies-sur-Sambre.<\/p>\n\n\n\n<p class=\"has-text-align-center\"><strong>Les deux implantations se trouvent \u00e0 proximit\u00e9 :<\/strong><br>Du centre commercial Ville2<br>Du cin\u00e9ma Path\u00e9<br>Du centre-ville de Charleroi et de ses nombreux commerces et services<br>De tous les h\u00f4pitaux de la r\u00e9gion<br>Du Spiroud\u00f4me, du Stade du Pays de Charleroi.<\/p>\n\n\n\n<div style=\"height:20px\" aria-hidden=\"true\" class=\"wp-block-spacer\"><\/div>\n\n\n\n<div style=\"height:80px\" aria-hidden=\"true\" class=\"wp-block-spacer\"><\/div>\n<\/div><\/div>\n\n\n\n<div class=\"wp-block-cover alignfull\" style=\"min-height:200px;aspect-ratio:unset;\"><span aria-hidden=\"true\" class=\"wp-block-cover__background has-nv-site-bg-background-color has-background-dim-100 has-background-dim\"><\/span><div class=\"wp-block-cover__inner-container is-layout-flow wp-block-cover-is-layout-flow\">\n<div style=\"height:120px\" aria-hidden=\"true\" class=\"wp-block-spacer\"><\/div>\n\n\n\n<div class=\"wp-block-columns alignwide is-layout-flex wp-container-core-columns-is-layout-9d6595d7 wp-block-columns-is-layout-flex\">\n<div class=\"wp-block-column is-layout-flow wp-block-column-is-layout-flow\" style=\"flex-basis:50%\">\n<h2 class=\"wp-block-heading has-text-align-left has-nv-c-1-color has-text-color\">O\u00f9 nous trouver ?<\/h2>\n\n\n\n<p>T\u00e9<\/p>\n\n\n\n<h3 class=\"wp-block-heading has-neve-link-hover-color-color has-text-color\">Le SAJA Centre Emile Degraux<\/h3>\n\n\n\n<p class=\"has-neve-text-color-color has-text-color\">Rue de la Paix 50,<br>6061 Charleroi<br><strong>T\u00e9l. : 071 31 83 73<\/strong><br>sajaced1@gmail.com&nbsp;<br><em>Agr\u00e9ment AViQ : MAH-137<\/em><br><\/p>\n<\/div>\n\n\n\n<div class=\"wp-block-column is-layout-flow wp-block-column-is-layout-flow\" style=\"flex-basis:50%\">\n<figure class=\"wp-block-image size-large is-resized\"><img loading=\"lazy\" decoding=\"async\" src=\"https:\/\/adepec.be\/wp-content\/uploads\/2023\/08\/thumbnail_MCB-2-copie-1-1024x1024.jpg\" alt=\"\" class=\"wp-image-841\" style=\"width:339px;height:339px\" width=\"339\" height=\"339\" srcset=\"https:\/\/adepec.be\/wp-content\/uploads\/2023\/08\/thumbnail_MCB-2-copie-1-1024x1024.jpg 1024w, https:\/\/adepec.be\/wp-content\/uploads\/2023\/08\/thumbnail_MCB-2-copie-1-300x300.jpg 300w, https:\/\/adepec.be\/wp-content\/uploads\/2023\/08\/thumbnail_MCB-2-copie-1-150x150.jpg 150w, https:\/\/adepec.be\/wp-content\/uploads\/2023\/08\/thumbnail_MCB-2-copie-1-768x768.jpg 768w, https:\/\/adepec.be\/wp-content\/uploads\/2023\/08\/thumbnail_MCB-2-copie-1.jpg 1307w\" sizes=\"auto, (max-width: 339px) 100vw, 339px\" \/><\/figure>\n<\/div>\n<\/div>\n\n\n\n<div style=\"height:80px\" aria-hidden=\"true\" class=\"wp-block-spacer\"><\/div>\n<\/div><\/div>\n\n\n\n<div class=\"wp-block-cover alignfull is-light\" style=\"min-height:500px;aspect-ratio:unset;\"><span aria-hidden=\"true\" class=\"wp-block-cover__background has-nv-dark-bg-background-color has-background-dim-0 has-background-dim\"><\/span><img loading=\"lazy\" decoding=\"async\" width=\"2560\" height=\"955\" class=\"wp-block-cover__image-background wp-image-458\" alt=\"\" src=\"https:\/\/adepec.be\/wp-content\/uploads\/2023\/08\/Map-scaled.jpg\" data-object-fit=\"cover\" srcset=\"https:\/\/adepec.be\/wp-content\/uploads\/2023\/08\/Map-scaled.jpg 2560w, https:\/\/adepec.be\/wp-content\/uploads\/2023\/08\/Map-300x112.jpg 300w, https:\/\/adepec.be\/wp-content\/uploads\/2023\/08\/Map-1024x382.jpg 1024w, https:\/\/adepec.be\/wp-content\/uploads\/2023\/08\/Map-768x286.jpg 768w, https:\/\/adepec.be\/wp-content\/uploads\/2023\/08\/Map-1536x573.jpg 1536w, https:\/\/adepec.be\/wp-content\/uploads\/2023\/08\/Map-2048x764.jpg 2048w\" sizes=\"auto, (max-width: 2560px) 100vw, 2560px\" \/><div class=\"wp-block-cover__inner-container is-layout-flow wp-block-cover-is-layout-flow\">\n<div style=\"height:140px\" aria-hidden=\"true\" class=\"wp-block-spacer\"><\/div>\n<\/div><\/div>\n\n\n\n<div class=\"wp-block-cover\" style=\"min-height:200px;aspect-ratio:unset;\"><span aria-hidden=\"true\" class=\"wp-block-cover__background has-nv-site-bg-background-color has-background-dim-100 has-background-dim\"><\/span><div class=\"wp-block-cover__inner-container is-layout-flow wp-block-cover-is-layout-flow\">\n<div style=\"height:80px\" aria-hidden=\"true\" class=\"wp-block-spacer\"><\/div>\n\n\n\n<h2 class=\"wp-block-heading has-text-align-center has-neve-text-color-color has-text-color\">A propos du centre<\/h2>\n\n\n\n<div style=\"height:40px\" aria-hidden=\"true\" class=\"wp-block-spacer\"><\/div>\n\n\n\n<div class=\"wp-block-columns alignwide has-background is-layout-flex wp-container-core-columns-is-layout-9d6595d7 wp-block-columns-is-layout-flex\" style=\"background:linear-gradient(135deg,rgb(115,191,235) 0%,rgb(169,131,204) 100%)\">\n<div class=\"wp-block-column is-layout-flow wp-block-column-is-layout-flow\">\n<div class=\"wp-block-group\"><div class=\"wp-block-group__inner-container is-layout-flow wp-block-group-is-layout-flow\">\n<figure class=\"wp-block-gallery has-nested-images columns-4 is-cropped wp-block-gallery-1 is-layout-flex wp-block-gallery-is-layout-flex\">\n<figure class=\"wp-block-image size-large\"><img loading=\"lazy\" decoding=\"async\" width=\"1024\" height=\"1024\" data-id=\"835\" src=\"https:\/\/adepec.be\/wp-content\/uploads\/2023\/08\/thumbnail_MCB-2-copie-1024x1024.jpg\" alt=\"\" class=\"wp-image-835\" srcset=\"https:\/\/adepec.be\/wp-content\/uploads\/2023\/08\/thumbnail_MCB-2-copie-1024x1024.jpg 1024w, https:\/\/adepec.be\/wp-content\/uploads\/2023\/08\/thumbnail_MCB-2-copie-300x300.jpg 300w, https:\/\/adepec.be\/wp-content\/uploads\/2023\/08\/thumbnail_MCB-2-copie-150x150.jpg 150w, https:\/\/adepec.be\/wp-content\/uploads\/2023\/08\/thumbnail_MCB-2-copie-768x768.jpg 768w, https:\/\/adepec.be\/wp-content\/uploads\/2023\/08\/thumbnail_MCB-2-copie.jpg 1307w\" sizes=\"auto, (max-width: 1024px) 100vw, 1024px\" \/><\/figure>\n\n\n\n<figure class=\"wp-block-image size-large\"><img loading=\"lazy\" decoding=\"async\" width=\"1024\" height=\"682\" data-id=\"791\" src=\"https:\/\/adepec.be\/wp-content\/uploads\/2023\/08\/IMG_3024-1024x682.jpg\" alt=\"\" class=\"wp-image-791\" srcset=\"https:\/\/adepec.be\/wp-content\/uploads\/2023\/08\/IMG_3024-1024x682.jpg 1024w, https:\/\/adepec.be\/wp-content\/uploads\/2023\/08\/IMG_3024-300x200.jpg 300w, https:\/\/adepec.be\/wp-content\/uploads\/2023\/08\/IMG_3024-768x511.jpg 768w, https:\/\/adepec.be\/wp-content\/uploads\/2023\/08\/IMG_3024-1536x1023.jpg 1536w, https:\/\/adepec.be\/wp-content\/uploads\/2023\/08\/IMG_3024-2048x1364.jpg 2048w, https:\/\/adepec.be\/wp-content\/uploads\/2023\/08\/IMG_3024-930x620.jpg 930w\" sizes=\"auto, (max-width: 1024px) 100vw, 1024px\" \/><\/figure>\n\n\n\n<figure class=\"wp-block-image size-large\"><img loading=\"lazy\" decoding=\"async\" width=\"1024\" height=\"1024\" data-id=\"722\" src=\"https:\/\/adepec.be\/wp-content\/uploads\/2023\/08\/IMG_3016-carre-1024x1024.jpg\" alt=\"\" class=\"wp-image-722\" srcset=\"https:\/\/adepec.be\/wp-content\/uploads\/2023\/08\/IMG_3016-carre-1024x1024.jpg 1024w, https:\/\/adepec.be\/wp-content\/uploads\/2023\/08\/IMG_3016-carre-300x300.jpg 300w, https:\/\/adepec.be\/wp-content\/uploads\/2023\/08\/IMG_3016-carre-150x150.jpg 150w, https:\/\/adepec.be\/wp-content\/uploads\/2023\/08\/IMG_3016-carre-768x768.jpg 768w, https:\/\/adepec.be\/wp-content\/uploads\/2023\/08\/IMG_3016-carre-1536x1536.jpg 1536w, https:\/\/adepec.be\/wp-content\/uploads\/2023\/08\/IMG_3016-carre-2048x2048.jpg 2048w\" sizes=\"auto, (max-width: 1024px) 100vw, 1024px\" \/><\/figure>\n\n\n\n<figure class=\"wp-block-image size-large\"><img loading=\"lazy\" decoding=\"async\" width=\"1024\" height=\"1024\" data-id=\"866\" src=\"https:\/\/adepec.be\/wp-content\/uploads\/2023\/10\/Capture-decran-2023-10-05-a-11.13.26-1024x1024.png\" alt=\"\" class=\"wp-image-866\" srcset=\"https:\/\/adepec.be\/wp-content\/uploads\/2023\/10\/Capture-decran-2023-10-05-a-11.13.26-1024x1024.png 1024w, https:\/\/adepec.be\/wp-content\/uploads\/2023\/10\/Capture-decran-2023-10-05-a-11.13.26-300x300.png 300w, https:\/\/adepec.be\/wp-content\/uploads\/2023\/10\/Capture-decran-2023-10-05-a-11.13.26-150x150.png 150w, https:\/\/adepec.be\/wp-content\/uploads\/2023\/10\/Capture-decran-2023-10-05-a-11.13.26-768x768.png 768w, https:\/\/adepec.be\/wp-content\/uploads\/2023\/10\/Capture-decran-2023-10-05-a-11.13.26-1536x1536.png 1536w, https:\/\/adepec.be\/wp-content\/uploads\/2023\/10\/Capture-decran-2023-10-05-a-11.13.26.png 1800w\" sizes=\"auto, (max-width: 1024px) 100vw, 1024px\" \/><\/figure>\n<\/figure>\n<\/div><\/div>\n\n\n\n<h3 class=\"wp-block-heading has-text-align-center has-nv-dark-bg-color has-text-color\"><br>Le SAJA Centre Emile Degraux<\/h3>\n\n\n\n<p class=\"has-text-align-center has-nv-site-bg-color has-text-color\"><strong>Le Centre de Jour Emile Degraux est structur\u00e9 en quatre zones :<\/strong><br>Une zone commune (salle \u00e0 manger, cuisine)<br>Une zone pi\u00e8ce d\u2019eau et sanitaire<br>Une zone destin\u00e9e aux diff\u00e9rents ateliers<br>Une zone administratives (bureaux).<\/p>\n\n\n\n<p class=\"has-text-align-center has-nv-dark-bg-color has-text-color\"><strong>Une journ\u00e9e type au SAJA<\/strong><\/p>\n\n\n\n<p class=\"has-text-align-center\">De 08H00 \u00e0 10H00 : Accueil<br>De 10H00 \u00e0 11H15 : Activit\u00e9s<br>De 11H15 \u00e0 11H45 : Nursing<br>De 11H45 \u00e0 13H00 : Repas<br>De 13H00 \u00e0 13H30 : D\u00e9tente et nursing<br>De 13H30 \u00e0 14H45 : Activit\u00e9s<br>De 14H45 \u00e0 15H00 : Collation et nursing<br>De 15H30 \u00e0 17H00&nbsp;: Remise en ordre et pr\u00e9paration du lendemain<\/p>\n<\/div>\n<\/div>\n\n\n\n<div class=\"wp-block-columns are-vertically-aligned-top is-layout-flex wp-container-core-columns-is-layout-9d6595d7 wp-block-columns-is-layout-flex\">\n<div class=\"wp-block-column is-vertically-aligned-top o-sticky o-sticky-scope-main-area o-sticky-pos-top o-sticky-bhvr-keep is-layout-flow wp-block-column-is-layout-flow\">\n<h3 class=\"wp-block-heading has-text-align-left has-neve-text-color-color has-text-color\">Les b\u00e9n\u00e9ficiaires en parlent &#8230; <\/h3>\n<\/div>\n<\/div>\n\n\n\n<div id=\"wp-block-themeisle-blocks-advanced-columns-c00aadba\" class=\"wp-block-themeisle-blocks-advanced-columns alignfull has-2-columns has-desktop-equal-layout has-tablet-equal-layout has-mobile-collapsedRows-layout has-vertical-center ticss-c00aadba\"><div class=\"wp-block-themeisle-blocks-advanced-columns-overlay\"><\/div><div class=\"innerblocks-wrap\">\n<div id=\"wp-block-themeisle-blocks-advanced-column-41c8770c\" class=\"wp-block-themeisle-blocks-advanced-column\"><div class=\"wp-block-image is-style-rounded\">\n<figure class=\"aligncenter size-full is-resized\"><img loading=\"lazy\" decoding=\"async\" src=\"https:\/\/api.themeisle.com\/sites\/images\/cb:otter\/q:auto\/wp-content\/uploads\/sites\/664\/2022\/09\/Screenshot-2022-09-12-at-15.15.51.png\" alt=\"\" class=\"wp-image-260\" style=\"width:90px;height:90px\" width=\"90\" height=\"90\"\/><\/figure>\n<\/div>\n\n\n<p id=\"wp-block-themeisle-blocks-advanced-heading-ad44c57d\" class=\"wp-block-themeisle-blocks-advanced-heading wp-block-themeisle-blocks-advanced-heading-ad44c57d\">\u00ab\u00a0&#8230;Sed ut perspiciatis unde omnis natus error sit voluptatem accusantium doloremque&#8230;\u00a0\u00bb<\/p>\n\n\n\n<p id=\"wp-block-themeisle-blocks-advanced-heading-d3f7e3db\" class=\"wp-block-themeisle-blocks-advanced-heading wp-block-themeisle-blocks-advanced-heading-d3f7e3db\"><strong>Jason Doe<\/strong><\/p>\n<\/div>\n\n\n\n<div id=\"wp-block-themeisle-blocks-advanced-column-82532c60\" class=\"wp-block-themeisle-blocks-advanced-column\"><div class=\"wp-block-image is-style-rounded\">\n<figure class=\"aligncenter size-full is-resized\"><img loading=\"lazy\" decoding=\"async\" src=\"https:\/\/api.themeisle.com\/sites\/images\/cb:otter\/q:auto\/wp-content\/uploads\/sites\/664\/2022\/09\/Screenshot-2022-09-12-at-15.15.51.png\" alt=\"\" class=\"wp-image-260\" style=\"width:90px;height:90px\" width=\"90\" height=\"90\"\/><\/figure>\n<\/div>\n\n\n<p id=\"wp-block-themeisle-blocks-advanced-heading-3a87334a\" class=\"wp-block-themeisle-blocks-advanced-heading wp-block-themeisle-blocks-advanced-heading-3a87334a\">\u00ab\u00a0&#8230;Sed ut perspiciatis unde omnis natus error sit voluptatem accusantium doloremque&#8230;\u00a0\u00bb<\/p>\n\n\n\n<p id=\"wp-block-themeisle-blocks-advanced-heading-1f9f2063\" class=\"wp-block-themeisle-blocks-advanced-heading wp-block-themeisle-blocks-advanced-heading-1f9f2063\"><strong>Jason Doe<\/strong><\/p>\n<\/div>\n<\/div><\/div>\n\n\n\n<div style=\"height:50px\" aria-hidden=\"true\" class=\"wp-block-spacer\"><\/div>\n<\/div><\/div>\n\n\n\n<p><\/p>\n","protected":false},"excerpt":{"rendered":"","protected":false},"author":1,"featured_media":0,"parent":69,"menu_order":0,"comment_status":"closed","ping_status":"closed","template":"","meta":{"neve_meta_sidebar":"","neve_meta_container":"","neve_meta_enable_content_width":"","neve_meta_content_width":0,"neve_meta_title_alignment":"","neve_meta_author_avatar":"","neve_post_elements_order":"","neve_meta_disable_header":"off","neve_meta_disable_footer":"","neve_meta_disable_title":"on","_themeisle_gutenberg_block_has_review":false,"_ti_tpc_template_sync":false,"_ti_tpc_template_id":"","footnotes":""},"class_list":["post-865","page","type-page","status-publish","hentry"],"_links":{"self":[{"href":"https:\/\/adepec.be\/index.php\/wp-json\/wp\/v2\/pages\/865","targetHints":{"allow":["GET"]}}],"collection":[{"href":"https:\/\/adepec.be\/index.php\/wp-json\/wp\/v2\/pages"}],"about":[{"href":"https:\/\/adepec.be\/index.php\/wp-json\/wp\/v2\/types\/page"}],"author":[{"embeddable":true,"href":"https:\/\/adepec.be\/index.php\/wp-json\/wp\/v2\/users\/1"}],"replies":[{"embeddable":true,"href":"https:\/\/adepec.be\/index.php\/wp-json\/wp\/v2\/comments?post=865"}],"version-history":[{"count":6,"href":"https:\/\/adepec.be\/index.php\/wp-json\/wp\/v2\/pages\/865\/revisions"}],"predecessor-version":[{"id":879,"href":"https:\/\/adepec.be\/index.php\/wp-json\/wp\/v2\/pages\/865\/revisions\/879"}],"up":[{"embeddable":true,"href":"https:\/\/adepec.be\/index.php\/wp-json\/wp\/v2\/pages\/69"}],"wp:attachment":[{"href":"https:\/\/adepec.be\/index.php\/wp-json\/wp\/v2\/media?parent=865"}],"curies":[{"name":"wp","href":"https:\/\/api.w.org\/{rel}","templated":true}]}}